{"id":199,"date":"2021-01-27T04:58:15","date_gmt":"2021-01-27T04:58:15","guid":{"rendered":"https:\/\/argaman.group\/?page_id=199"},"modified":"2025-08-25T08:38:44","modified_gmt":"2025-08-25T08:38:44","slug":"test","status":"publish","type":"page","link":"https:\/\/argaman.group\/en\/","title":{"rendered":"HOME"},"content":{"rendered":"<div id='fullscreen_slider_1'  class='avia-fullscreen-slider main_color   avia-builder-el-0  el_before_av_textblock  avia-builder-el-first   container_wrap sidebar_right' style=' '  ><a href='#next-section' title='' class='scroll-down-link av-control-hidden' aria-hidden='true' data-av_icon='\ue877' data-av_iconfont='entypo-fontello'><\/a><div   data-size='2048x2048'  data-lightbox_size='large'  data-animation='fade'  data-conditional_play=''  data-ids='685,521,682'  data-video_counter='0'  data-autoplay='true'  data-bg_slider='true'  data-slide_height='100'  data-handle='av_fullscreen'  data-interval='5'  data-class=' '  data-el_id=''  data-css_id='fullscreen_slider_1'  data-scroll_down='aviaTBscroll_down'  data-control_layout='av-control-hidden'  data-custom_markup=''  data-perma_caption=''  data-autoplay_stopper='1'  data-image_attachment=''  data-min_height='0px'  data-lazy_loading='enabled'  data-stretch=''  data-default-height='100'  class='avia-slideshow avia-slideshow-1 av-slider-scroll-down-active av-control-hidden av-default-height-applied avia-slideshow-2048x2048 av_fullscreen   avia-fade-slider'  itemprop=\"image\" itemscope=\"itemscope\" itemtype=\"https:\/\/schema.org\/ImageObject\" ><ul class='avia-slideshow-inner' style='padding-bottom: 72.916666666667%;' ><li style='background-position:center center;' data-img-url='https:\/\/argaman.group\/wp-content\/uploads\/2021\/03\/access_tower_00.jpg' class='slide-1' ><div data-rel='slideshow-1' class='avia-slide-wrap'   ><div class = \"caption_fullwidth av-slideshow-caption caption_center\"><div class = \"container caption_container\"><div class = \"slideshow_caption\"><div class = \"slideshow_inner_caption\"><div class = \"slideshow_align_caption\"><div class='avia-caption-content'  itemprop=\"description\"  ><p><img src=\"https:\/\/argaman.group\/wp-content\/uploads\/2021\/01\/bb.png\" class=\"custom-image\"><\/p>\n<\/div><\/div><\/div><\/div><\/div><\/div><\/div><\/li><li style='background-position:center center;' data-img-url='https:\/\/argaman.group\/wp-content\/uploads\/2021\/02\/argaman_05.jpg' class='slide-2' ><div data-rel='slideshow-1' class='avia-slide-wrap'   ><div class = \"caption_fullwidth av-slideshow-caption caption_center\"><div class = \"container caption_container\"><div class = \"slideshow_caption\"><div class = \"slideshow_inner_caption\"><div class = \"slideshow_align_caption\"><div class='avia-caption-content'  itemprop=\"description\"  ><p><img src=\"https:\/\/argaman.group\/wp-content\/uploads\/2021\/01\/bb.png\" class=\"custom-image\"><\/p>\n<\/div><\/div><\/div><\/div><\/div><\/div><\/div><\/li><li style='background-position:center center;' data-img-url='https:\/\/argaman.group\/wp-content\/uploads\/2021\/03\/access_tower_02.jpg' class='slide-3' ><div data-rel='slideshow-1' class='avia-slide-wrap'   ><div class = \"caption_fullwidth av-slideshow-caption caption_center\"><div class = \"container caption_container\"><div class = \"slideshow_caption\"><div class = \"slideshow_inner_caption\"><div class = \"slideshow_align_caption\"><div class='avia-caption-content'  itemprop=\"description\"  ><p><img src=\"https:\/\/argaman.group\/wp-content\/uploads\/2021\/01\/bb.png\" class=\"custom-image\"><\/p>\n<\/div><\/div><\/div><\/div><\/div><\/div><\/div><\/li><\/ul><div class='avia-slideshow-arrows avia-slideshow-controls'><a href='#prev' class='prev-slide' aria-hidden='true' data-av_icon='\ue87c' data-av_iconfont='entypo-fontello'>Previous<\/a><a href='#next' class='next-slide' aria-hidden='true' data-av_icon='\ue87d' data-av_iconfont='entypo-fontello'>Next<\/a><\/div><div class='avia-slideshow-dots avia-slideshow-controls'><a href='#1' class='goto-slide active' >1<\/a><a href='#2' class='goto-slide' >2<\/a><a href='#3' class='goto-slide' >3<\/a><\/div><\/div><\/div><div id='after_full_slider_1'  class='main_color av_default_container_wrap container_wrap sidebar_right' style=' '  ><div class='container' ><div class='template-page content  av-content-small alpha units'><div class='post-entry post-entry-type-page post-entry-199'><div class='entry-content-wrapper clearfix'>\n<section class=\"av_textblock_section  av-desktop-hide av-medium-hide\"  itemscope=\"itemscope\" itemtype=\"https:\/\/schema.org\/CreativeWork\" ><div class='avia_textblock'   itemprop=\"text\" ><blockquote>\n<p align=\"justify\">Argaman ist ein Unternehmen, das dem Investment in Immobilien verschrieben ist. Unsere Kreativit\u00e4t, Erfahrung und Selbst\u00e4ndigkeit, Chancen zu ergreifen, die andere nicht erkennen, um Werte zu sch\u00f6pfen, die anderen verwehrt bleiben.<\/p>\n<\/blockquote>\n<\/div><\/section>\n<div class=\"flex_column av_one_fifth  av-hide-on-mobile  flex_column_div av-zero-column-padding first  avia-builder-el-2  el_after_av_textblock  el_before_av_two_fifth  column-top-margin\" style='border-radius:0px; ' id=\"home\" ><div  style='height:50px' class='hr hr-invisible   avia-builder-el-3  avia-builder-el-no-sibling'><span class='hr-inner' ><span class='hr-inner-style'><\/span><\/span><\/div><\/div>\n<div class=\"flex_column av_two_fifth  av-hide-on-mobile  flex_column_div av-zero-column-padding   avia-builder-el-4  el_after_av_one_fifth  el_before_av_two_fifth  column-top-margin\" style='border-radius:0px; '><p><div  style='height:50px' class='hr hr-invisible   avia-builder-el-5  el_before_av_hr  avia-builder-el-first'><span class='hr-inner' ><span class='hr-inner-style'><\/span><\/span><\/div><br \/>\n<div  style='height:50px' class='hr hr-invisible   avia-builder-el-6  el_after_av_hr  el_before_av_hr'><span class='hr-inner' ><span class='hr-inner-style'><\/span><\/span><\/div><br \/>\n<div  style='height:50px' class='hr hr-invisible   avia-builder-el-7  el_after_av_hr  el_before_av_textblock'><span class='hr-inner' ><span class='hr-inner-style'><\/span><\/span><\/div><br \/>\n<section class=\"av_textblock_section\"  itemscope=\"itemscope\" itemtype=\"https:\/\/schema.org\/CreativeWork\" ><div class='avia_textblock'   itemprop=\"text\" ><p align=\"justify\" class=\"s8\"><span class=\"s11\">Argaman<\/span><span class=\"s11\"> is devoted to real estate investment. Approaching it with the creativity, experience and freedom to see opportunities others overlook, we deliver value others won\u2019t.<\/span><\/p>\n<\/div><\/section><\/p><\/div>\n<div class=\"flex_column av_two_fifth  flex_column_div av-zero-column-padding   avia-builder-el-9  el_after_av_two_fifth  el_before_av_hr  column-top-margin\" style='border-radius:0px; '><div  style='padding-bottom:10px; font-size:54px;' class='av-special-heading av-special-heading-h1  blockquote modern-quote  avia-builder-el-10  avia-builder-el-no-sibling  av-inherit-size'><h1 class='av-special-heading-tag'  itemprop=\"headline\"  >The creativity to know what others don\u2019t imagine.<\/h1><div class='special-heading-border'><div class='special-heading-inner-border' ><\/div><\/div><\/div><\/div>\n<div  style=' margin-top:10px; margin-bottom:10px;'  class='hr hr-custom hr-left hr-icon-no  av-small-hide av-mini-hide  avia-builder-el-11  el_after_av_two_fifth  el_before_av_section  avia-builder-el-last'><span class='hr-inner  inner-border-av-border-fat' style=' width:600px; border-color:#b02b2c;' ><span class='hr-inner-style'><\/span><\/span><\/div>\n<\/div><\/div><\/div><!-- close content main div --><\/div><\/div><div id='av_section_1'  class='avia-section main_color avia-section-default avia-no-border-styling  avia-bg-style-scroll  avia-builder-el-12  el_after_av_hr  el_before_av_section   av-small-hide av-mini-hide container_wrap sidebar_right' style=' '  ><div class='container' ><div class='template-page content  av-content-small alpha units'><div class='post-entry post-entry-type-page post-entry-199'><div class='entry-content-wrapper clearfix'>\n<div  class='avia-image-container avia_animated_image avia_animate_when_almost_visible right-to-left av-styling-    avia-builder-el-13  avia-builder-el-no-sibling  avia-align-center'  itemprop=\"image\" itemscope=\"itemscope\" itemtype=\"https:\/\/schema.org\/ImageObject\"  ><div class='avia-image-container-inner'><div class='avia-image-overlay-wrap'><img class='wp-image-542 avia-img-lazy-loading-not-542 avia_image' src=\"https:\/\/argaman.group\/wp-content\/uploads\/2021\/02\/11.png\" alt='' title='11' height=\"1077\" width=\"1920\"  itemprop=\"thumbnailUrl\" srcset=\"https:\/\/argaman.group\/wp-content\/uploads\/2021\/02\/11.png 1920w, https:\/\/argaman.group\/wp-content\/uploads\/2021\/02\/11-300x168.png 300w, https:\/\/argaman.group\/wp-content\/uploads\/2021\/02\/11-1030x578.png 1030w, https:\/\/argaman.group\/wp-content\/uploads\/2021\/02\/11-768x431.png 768w, https:\/\/argaman.group\/wp-content\/uploads\/2021\/02\/11-1536x862.png 1536w, https:\/\/argaman.group\/wp-content\/uploads\/2021\/02\/11-1500x841.png 1500w, https:\/\/argaman.group\/wp-content\/uploads\/2021\/02\/11-705x395.png 705w\" sizes=\"(max-width: 1920px) 100vw, 1920px\" \/><\/div><\/div><\/div>\n\n<\/div><\/div><\/div><!-- close content main div --><\/div><\/div><div id='av_section_2'  class='avia-section main_color avia-section-default avia-no-border-styling  avia-full-stretch avia-bg-style-scroll  avia-builder-el-14  el_after_av_section  el_before_av_one_half   av-desktop-hide av-medium-hide av-minimum-height av-minimum-height-50  container_wrap sidebar_right' style='background-repeat: no-repeat; background-image: url(https:\/\/argaman.group\/wp-content\/uploads\/2021\/02\/argaman.jpg);background-attachment: scroll; background-position: bottom center;  '  data-section-bg-repeat='stretch' data-av_minimum_height_pc='50'><div class='container' ><div class='template-page content  av-content-small alpha units'><div class='post-entry post-entry-type-page post-entry-199'><div class='entry-content-wrapper clearfix'><\/div><\/div><\/div><!-- close content main div --><\/div><\/div><div id='after_section_2'  class='main_color av_default_container_wrap container_wrap sidebar_right' style=' '  ><div class='container' ><div class='template-page content  av-content-small alpha units'><div class='post-entry post-entry-type-page post-entry-199'><div class='entry-content-wrapper clearfix'>\n<div class=\"flex_column av_one_half  flex_column_div av-zero-column-padding first  avia-builder-el-15  el_after_av_section  el_before_av_section  avia-builder-el-no-sibling\" style='border-radius:0px; '><p><div  style='padding-bottom:10px; ' class='av-special-heading av-special-heading-h2  blockquote modern-quote  avia-builder-el-16  el_before_av_hr  avia-builder-el-first   av-desktop-hide av-medium-hide'><h2 class='av-special-heading-tag'  itemprop=\"headline\"  >The creativity to see value.\nThe commitment to unlock it.<\/h2><div class='special-heading-border'><div class='special-heading-inner-border' ><\/div><\/div><\/div><br \/>\n<div  style=' margin-top:10px; margin-bottom:10px;'  class='hr hr-custom hr-left hr-icon-no  av-desktop-hide av-medium-hide  avia-builder-el-17  el_after_av_heading  el_before_av_textblock'><span class='hr-inner  inner-border-av-border-fat' style=' width:200px; border-color:#b02b2c;' ><span class='hr-inner-style'><\/span><\/span><\/div><br \/>\n<section class=\"av_textblock_section  av-desktop-hide av-medium-hide\"  itemscope=\"itemscope\" itemtype=\"https:\/\/schema.org\/CreativeWork\" ><div class='avia_textblock  av_inherit_color'  style='font-size:15px; color:#bfbfbf; '  itemprop=\"text\" ><p align=\"justify\">Argaman is a real estate expert with the experience and originality to go beyond expectation, seeing hidden possibilities and working creatively to bring them to life. Proudly independent, we aren\u2019t bound by rigid one-size-fits-all business plans. Instead, our goal is simple: deliver the best possible return for our investors, whatever it takes. With years of expertise across property investment, development and management, we have the knowledge to predict intelligently, the freedom to react flexibly, and the creativity to seize opportunities others miss.<\/p>\n<\/div><\/section><\/p><\/div>\n<\/div><\/div><\/div><!-- close content main div --><\/div><\/div><div id='about'  class='avia-section main_color avia-section-default avia-no-border-styling  avia-bg-style-scroll  avia-builder-el-19  el_after_av_one_half  el_before_av_section   av-small-hide av-mini-hide container_wrap sidebar_right' style=' margin-top:-250px; margin-bottom:0px; '  ><div class='container' ><div class='template-page content  av-content-small alpha units'><div class='post-entry post-entry-type-page post-entry-199'><div class='entry-content-wrapper clearfix'>\n<div class=\"flex_column av_three_fifth  flex_column_div first  avia-builder-el-20  el_before_av_two_fifth  avia-builder-el-first\" style='background: rgba(114,114,114,0.45); padding:20px 20px 20px 20px ; background-color:rgba(114,114,114,0.45); border-radius:0px; '><section class=\"av_textblock_section\"  itemscope=\"itemscope\" itemtype=\"https:\/\/schema.org\/CreativeWork\" ><div class='avia_textblock  av_inherit_color'  style='font-size:15px; color:#ffffff; '  itemprop=\"text\" ><p align=\"justify\">Argaman is a real estate expert with the experience and originality to go beyond expectation, seeing hidden possibilities and working creatively to bring them to life. Proudly independent, we aren\u2019t bound by rigid one-size-fits-all business plans. Instead, our goal is simple: deliver the best possible return for our investors, whatever it takes. With years of expertise across property investment, development and management, we have the knowledge to predict intelligently, the freedom to react flexibly, and the creativity to seize opportunities others miss.<\/p>\n<\/div><\/section><\/div><div class=\"flex_column av_two_fifth  flex_column_div av-zero-column-padding   avia-builder-el-22  el_after_av_three_fifth  avia-builder-el-last\" style='border-radius:0px; '><p><div  style='height:50px' class='hr hr-invisible   avia-builder-el-23  el_before_av_heading  avia-builder-el-first'><span class='hr-inner' ><span class='hr-inner-style'><\/span><\/span><\/div><br \/>\n<div  style='padding-bottom:10px; ' class='av-special-heading av-special-heading-h2  blockquote modern-quote  avia-builder-el-24  el_after_av_hr  el_before_av_hr'><h2 class='av-special-heading-tag'  itemprop=\"headline\"  >The creativity to see value.\nThe commitment to unlock it.<\/h2><div class='special-heading-border'><div class='special-heading-inner-border' ><\/div><\/div><\/div><br \/>\n<div  style=' margin-top:10px; margin-bottom:10px;'  class='hr hr-custom hr-left hr-icon-no   avia-builder-el-25  el_after_av_heading  avia-builder-el-last'><span class='hr-inner  inner-border-av-border-fat' style=' width:200px; border-color:#b02b2c;' ><span class='hr-inner-style'><\/span><\/span><\/div><\/p><\/div>\n\n<\/div><\/div><\/div><!-- close content main div --><\/div><\/div><div id='av_section_4'  class='avia-section main_color avia-section-default avia-no-border-styling  av-section-color-overlay-active avia-bg-style-scroll  avia-builder-el-26  el_after_av_section  el_before_av_section   av-small-hide av-mini-hide container_wrap sidebar_right' style=' '  ><div class='av-section-color-overlay-wrap'><div class='av-section-color-overlay' style='opacity: 0.8; background-color: #ffffff; '><\/div><div class='container' ><div class='template-page content  av-content-small alpha units'><div class='post-entry post-entry-type-page post-entry-199'><div class='entry-content-wrapper clearfix'>\n<div class=\"flex_column av_one_half  flex_column_div first  avia-builder-el-27  el_before_av_two_fifth  avia-builder-el-first\" style='padding:20px; border-radius:0px; '><div  style='padding-bottom:10px; font-size:54px;' class='av-special-heading av-special-heading-h1  blockquote modern-quote modern-right  avia-builder-el-28  avia-builder-el-no-sibling  av-inherit-size'><h1 class='av-special-heading-tag'  itemprop=\"headline\"  >Beyond expectation.<\/h1><div class='special-heading-border'><div class='special-heading-inner-border' ><\/div><\/div><\/div><\/div><div class=\"flex_column av_two_fifth  flex_column_div   avia-builder-el-29  el_after_av_one_half  avia-builder-el-last\" style='background: rgba(114,114,114,0.45); padding:20px 20px 20px 20px ; background-color:rgba(114,114,114,0.45); border-radius:0px; '><section class=\"av_textblock_section\"  itemscope=\"itemscope\" itemtype=\"https:\/\/schema.org\/CreativeWork\" ><div class='avia_textblock  av_inherit_color'  style='font-size:15px; color:#ffffff; '  itemprop=\"text\" ><p align=\"justify\">Our consistently high performance across projects comes down to creativity and commitment: the creativity to spot opportunities others overlook, and the commitment to unlock long-term value.<\/p>\n<\/div><\/section><\/div>\n\n<\/div><\/div><\/div><!-- close content main div --><\/div><\/div><\/div><div id='av_section_5'  class='avia-section main_color avia-section-default avia-no-border-styling  av-section-color-overlay-active avia-bg-style-scroll  avia-builder-el-31  el_after_av_section  el_before_av_section   av-desktop-hide av-medium-hide container_wrap sidebar_right' style=' '  ><div class='av-section-color-overlay-wrap'><div class='av-section-color-overlay' style='opacity: 0.8; background-color: #ffffff; '><\/div><div class='container' ><div class='template-page content  av-content-small alpha units'><div class='post-entry post-entry-type-page post-entry-199'><div class='entry-content-wrapper clearfix'>\n<div class=\"flex_column av_one_half  flex_column_div first  avia-builder-el-32  el_before_av_two_fifth  avia-builder-el-first\" style='padding:20px; border-radius:0px; '><div  style='padding-bottom:10px; font-size:54px;' class='av-special-heading av-special-heading-h1  blockquote modern-quote  avia-builder-el-33  avia-builder-el-no-sibling  av-inherit-size'><h1 class='av-special-heading-tag'  itemprop=\"headline\"  >Beyond expectation.<\/h1><div class='special-heading-border'><div class='special-heading-inner-border' ><\/div><\/div><\/div><\/div><div class=\"flex_column av_two_fifth  flex_column_div   avia-builder-el-34  el_after_av_one_half  avia-builder-el-last\" style='background: rgba(114,114,114,0.45); padding:20px 20px 20px 20px ; background-color:rgba(114,114,114,0.45); border-radius:0px; '><section class=\"av_textblock_section\"  itemscope=\"itemscope\" itemtype=\"https:\/\/schema.org\/CreativeWork\" ><div class='avia_textblock  av_inherit_color'  style='font-size:15px; color:#ffffff; '  itemprop=\"text\" ><p align=\"justify\">Our consistently high performance across projects comes down to creativity and commitment: the creativity to spot opportunities others overlook, and the commitment to unlock long-term value.<\/p>\n<\/div><\/section><\/div>\n\n<\/div><\/div><\/div><!-- close content main div --><\/div><\/div><\/div><div id='av_section_6'  class='avia-section main_color avia-section-default avia-no-border-styling  avia-bg-style-scroll  avia-builder-el-36  el_after_av_section  avia-builder-el-last   av-desktop-hide av-medium-hide av-small-hide av-mini-hide container_wrap sidebar_right' style=' '  ><div class='container' ><div class='template-page content  av-content-small alpha units'><div class='post-entry post-entry-type-page post-entry-199'><div class='entry-content-wrapper clearfix'>\n<div class=\"flex_column av_one_third  flex_column_div av-zero-column-padding first  avia-builder-el-37  el_before_av_one_third  avia-builder-el-first\" style='border-radius:0px; ' id=\"referenzen\" ><div  id=\"referenzen\"  class='avia-image-container avia_animated_image avia_animate_when_almost_visible fade-in av-styling-    avia-builder-el-38  avia-builder-el-no-sibling  avia-align-center'  itemprop=\"image\" itemscope=\"itemscope\" itemtype=\"https:\/\/schema.org\/ImageObject\"  ><div class='avia-image-container-inner'><div class='avia-image-overlay-wrap'><a href='https:\/\/argaman.group\/en\/access-tower\/' class='avia_image'  ><img width=\"506\" height=\"900\" class='wp-image-247 avia-img-lazy-loading-not-247 avia_image' src=\"https:\/\/argaman.group\/wp-content\/uploads\/2021\/01\/access.jpg\" alt='' title='access'  itemprop=\"thumbnailUrl\" srcset=\"https:\/\/argaman.group\/wp-content\/uploads\/2021\/01\/access.jpg 506w, https:\/\/argaman.group\/wp-content\/uploads\/2021\/01\/access-169x300.jpg 169w, https:\/\/argaman.group\/wp-content\/uploads\/2021\/01\/access-396x705.jpg 396w\" sizes=\"(max-width: 506px) 100vw, 506px\" \/><\/a><\/div><\/div><\/div><\/div><div class=\"flex_column av_one_third  flex_column_div av-zero-column-padding   avia-builder-el-39  el_after_av_one_third  el_before_av_one_third\" style='border-radius:0px; '><div  class='avia-image-container avia_animated_image avia_animate_when_almost_visible fade-in av-styling-    avia-builder-el-40  avia-builder-el-no-sibling  avia-align-center'  itemprop=\"image\" itemscope=\"itemscope\" itemtype=\"https:\/\/schema.org\/ImageObject\"  ><div class='avia-image-container-inner'><div class='avia-image-overlay-wrap'><a href='https:\/\/argaman.group\/en\/kanso\/' class='avia_image'  ><img width=\"506\" height=\"900\" class='wp-image-248 avia-img-lazy-loading-not-248 avia_image' src=\"https:\/\/argaman.group\/wp-content\/uploads\/2021\/01\/kanso.jpg\" alt='' title='kanso'  itemprop=\"thumbnailUrl\" srcset=\"https:\/\/argaman.group\/wp-content\/uploads\/2021\/01\/kanso.jpg 506w, https:\/\/argaman.group\/wp-content\/uploads\/2021\/01\/kanso-169x300.jpg 169w, https:\/\/argaman.group\/wp-content\/uploads\/2021\/01\/kanso-396x705.jpg 396w\" sizes=\"(max-width: 506px) 100vw, 506px\" \/><\/a><\/div><\/div><\/div><\/div><div class=\"flex_column av_one_third  flex_column_div av-zero-column-padding   avia-builder-el-41  el_after_av_one_third  avia-builder-el-last\" style='border-radius:0px; '><div  class='avia-image-container avia_animated_image avia_animate_when_almost_visible fade-in av-styling-    avia-builder-el-42  avia-builder-el-no-sibling  avia-align-center'  itemprop=\"image\" itemscope=\"itemscope\" itemtype=\"https:\/\/schema.org\/ImageObject\"  ><div class='avia-image-container-inner'><div class='avia-image-overlay-wrap'><a href='https:\/\/argaman.group\/en\/prizeotel\/' class='avia_image'  ><img width=\"506\" height=\"900\" class='wp-image-249 avia-img-lazy-loading-not-249 avia_image' src=\"https:\/\/argaman.group\/wp-content\/uploads\/2021\/01\/prizotel.jpg\" alt='' title='prizotel'  itemprop=\"thumbnailUrl\" srcset=\"https:\/\/argaman.group\/wp-content\/uploads\/2021\/01\/prizotel.jpg 506w, https:\/\/argaman.group\/wp-content\/uploads\/2021\/01\/prizotel-169x300.jpg 169w, https:\/\/argaman.group\/wp-content\/uploads\/2021\/01\/prizotel-396x705.jpg 396w\" sizes=\"(max-width: 506px) 100vw, 506px\" \/><\/a><\/div><\/div><\/div><\/div>\n<\/div><\/div><\/div><!-- close content main div --><\/div><\/div><div id='after_section_6'  class='main_color av_default_container_wrap container_wrap sidebar_right' style=' '  ><div class='container' ><div class='template-page content  av-content-small alpha units'><div class='post-entry post-entry-type-page post-entry-199'><div class='entry-content-wrapper clearfix'>","protected":false},"excerpt":{"rendered":"","protected":false},"author":1,"featured_media":0,"parent":0,"menu_order":0,"comment_status":"closed","ping_status":"closed","template":"","meta":[],"yoast_head":"<!-- This site is optimized with the Yoast SEO plugin v15.6.2 - https:\/\/yoast.com\/wordpress\/plugins\/seo\/ -->\n<title>HOME - Argaman Group<\/title>\n<meta name=\"robots\" content=\"index, follow, max-snippet:-1, max-image-preview:large, max-video-preview:-1\" \/>\n<link rel=\"canonical\" href=\"https:\/\/argaman.group\/en\/\" \/>\n<meta property=\"og:locale\" content=\"en_US\" \/>\n<meta property=\"og:type\" content=\"article\" \/>\n<meta property=\"og:title\" content=\"HOME - Argaman Group\" \/>\n<meta property=\"og:url\" content=\"https:\/\/argaman.group\/en\/\" \/>\n<meta property=\"og:site_name\" content=\"Argaman Group\" \/>\n<meta property=\"article:modified_time\" content=\"2025-08-25T08:38:44+00:00\" \/>\n<meta property=\"og:image\" content=\"https:\/\/argaman.group\/wp-content\/uploads\/2021\/01\/bb.png\" \/>\n<meta name=\"twitter:card\" content=\"summary_large_image\" \/>\n<meta name=\"twitter:label1\" content=\"Est. reading time\">\n\t<meta name=\"twitter:data1\" content=\"9 minutes\">\n<script type=\"application\/ld+json\" class=\"yoast-schema-graph\">{\"@context\":\"https:\/\/schema.org\",\"@graph\":[{\"@type\":\"WebSite\",\"@id\":\"https:\/\/argaman.group\/#website\",\"url\":\"https:\/\/argaman.group\/\",\"name\":\"Argaman Group\",\"description\":\"The creativity to know what others don\\u2019t imagine.\",\"potentialAction\":[{\"@type\":\"SearchAction\",\"target\":\"https:\/\/argaman.group\/?s={search_term_string}\",\"query-input\":\"required name=search_term_string\"}],\"inLanguage\":\"en-US\"},{\"@type\":\"ImageObject\",\"@id\":\"https:\/\/argaman.group\/#primaryimage\",\"inLanguage\":\"en-US\",\"url\":\"https:\/\/argaman.group\/wp-content\/uploads\/2021\/01\/bb.png\",\"width\":1000,\"height\":1400},{\"@type\":\"WebPage\",\"@id\":\"https:\/\/argaman.group\/#webpage\",\"url\":\"https:\/\/argaman.group\/\",\"name\":\"HOME - Argaman Group\",\"isPartOf\":{\"@id\":\"https:\/\/argaman.group\/#website\"},\"primaryImageOfPage\":{\"@id\":\"https:\/\/argaman.group\/#primaryimage\"},\"datePublished\":\"2021-01-27T04:58:15+00:00\",\"dateModified\":\"2025-08-25T08:38:44+00:00\",\"inLanguage\":\"en-US\",\"potentialAction\":[{\"@type\":\"ReadAction\",\"target\":[\"https:\/\/argaman.group\/\"]}]}]}<\/script>\n<!-- \/ Yoast SEO plugin. -->","_links":{"self":[{"href":"https:\/\/argaman.group\/en\/wp-json\/wp\/v2\/pages\/199"}],"collection":[{"href":"https:\/\/argaman.group\/en\/wp-json\/wp\/v2\/pages"}],"about":[{"href":"https:\/\/argaman.group\/en\/wp-json\/wp\/v2\/types\/page"}],"author":[{"embeddable":true,"href":"https:\/\/argaman.group\/en\/wp-json\/wp\/v2\/users\/1"}],"replies":[{"embeddable":true,"href":"https:\/\/argaman.group\/en\/wp-json\/wp\/v2\/comments?post=199"}],"version-history":[{"count":158,"href":"https:\/\/argaman.group\/en\/wp-json\/wp\/v2\/pages\/199\/revisions"}],"predecessor-version":[{"id":811,"href":"https:\/\/argaman.group\/en\/wp-json\/wp\/v2\/pages\/199\/revisions\/811"}],"wp:attachment":[{"href":"https:\/\/argaman.group\/en\/wp-json\/wp\/v2\/media?parent=199"}],"curies":[{"name":"wp","href":"https:\/\/api.w.org\/{rel}","templated":true}]}}